{"id":40,"date":"2024-11-18T15:41:08","date_gmt":"2024-11-18T14:41:08","guid":{"rendered":"https:\/\/www.stanislasmeursaut.com\/?page_id=40"},"modified":"2026-01-17T22:58:21","modified_gmt":"2026-01-17T21:58:21","slug":"stan","status":"publish","type":"page","link":"https:\/\/www.stanislasmeursaut.com\/?page_id=40","title":{"rendered":"Stan"},"content":{"rendered":"\n<div style=\"height:21px\" aria-hidden=\"true\" class=\"wp-block-spacer\"><\/div>\n\n\n\n<p>Stanislas Meursaut est un documentariste n\u00e9 en 1975 dans la campagne auboise. En parall\u00e8le de son activit\u00e9 de psychologue, il commence une s\u00e9rie de documentaires autobiographiques, introspectifs, dont le premier volet, <em>Un<\/em> <em>Couple<\/em> <em>en<\/em> <em>quarantaine<\/em>, sortira en 2027. Depuis 2021, il filme son quotidien, avec une approche qui rappelle la <em>cam\u00e9ra-stylo <\/em>d\u2019Alexandre Astruc. Il tisse ainsi des ponts permanents entre le cin\u00e9ma et l\u2019introspection psychologique, d\u00e9veloppant ce qu\u2019il nomme, peut-\u00eatre pompeusement, ses \u00ab\u00a0autobiofilmies\u00a0\u00bb.<br><\/p>\n\n\n\n<div style=\"height:48px\" aria-hidden=\"true\" class=\"wp-block-spacer\"><\/div>\n","protected":false},"excerpt":{"rendered":"<p>Stanislas Meursaut est un documentariste n\u00e9 en 1975 dans la campagne auboise. En parall\u00e8le de son activit\u00e9 de psychologue, il commence une s\u00e9rie de documentaires autobiographiques, introspectifs, dont le premier volet, Un Couple en quarantaine, sortira en 2027. Depuis 2021, il filme son quotidien, avec une approche qui rappelle la cam\u00e9ra-stylo d\u2019Alexandre Astruc. Il tisse <a href=\"https:\/\/www.stanislasmeursaut.com\/?page_id=40\" class=\"read-more below\">READ MORE<\/a><\/p>\n","protected":false},"author":1,"featured_media":0,"parent":0,"menu_order":0,"comment_status":"closed","ping_status":"closed","template":"","meta":{"_themeisle_gutenberg_block_has_review":false,"footnotes":""},"class_list":["post-40","page","type-page","status-publish","hentry"],"_links":{"self":[{"href":"https:\/\/www.stanislasmeursaut.com\/index.php?rest_route=\/wp\/v2\/pages\/40","targetHints":{"allow":["GET"]}}],"collection":[{"href":"https:\/\/www.stanislasmeursaut.com\/index.php?rest_route=\/wp\/v2\/pages"}],"about":[{"href":"https:\/\/www.stanislasmeursaut.com\/index.php?rest_route=\/wp\/v2\/types\/page"}],"author":[{"embeddable":true,"href":"https:\/\/www.stanislasmeursaut.com\/index.php?rest_route=\/wp\/v2\/users\/1"}],"replies":[{"embeddable":true,"href":"https:\/\/www.stanislasmeursaut.com\/index.php?rest_route=%2Fwp%2Fv2%2Fcomments&post=40"}],"version-history":[{"count":12,"href":"https:\/\/www.stanislasmeursaut.com\/index.php?rest_route=\/wp\/v2\/pages\/40\/revisions"}],"predecessor-version":[{"id":152,"href":"https:\/\/www.stanislasmeursaut.com\/index.php?rest_route=\/wp\/v2\/pages\/40\/revisions\/152"}],"wp:attachment":[{"href":"https:\/\/www.stanislasmeursaut.com\/index.php?rest_route=%2Fwp%2Fv2%2Fmedia&parent=40"}],"curies":[{"name":"wp","href":"https:\/\/api.w.org\/{rel}","templated":true}]}}